
{"id":5090,"date":"2024-04-16T14:15:06","date_gmt":"2024-04-16T14:15:06","guid":{"rendered":"https:\/\/mamotec-online.de\/gasmotoren-neu\/"},"modified":"2024-12-03T17:42:16","modified_gmt":"2024-12-03T17:42:16","slug":"gas-engines","status":"publish","type":"page","link":"https:\/\/mamotec-online.de\/en\/gas-engines\/","title":{"rendered":"Gasmotoren NEU"},"content":{"rendered":"<div class=\"wpb-content-wrapper\"><p>[vc_row wrap_container=&#8221;yes&#8221; disable_element=&#8221;yes&#8221; is_section=&#8221;yes&#8221; remove_margin_top=&#8221;yes&#8221; remove_margin_bottom=&#8221;yes&#8221; remove_border=&#8221;yes&#8221; bg_override=&#8221;full&#8221; css=&#8221;.vc_custom_1661762990926{padding-top: 0px !important;padding-bottom: -80px !important;background-color: #000000 !important;}&#8221;][vc_column offset=&#8221;vc_col-md-12&#8243;][vc_column_text css=&#8221;.vc_custom_1660225962307{margin-top: 13px !important;margin-bottom: -40px !important;}&#8221; el_class=&#8221;#white&#8221; el_id=&#8221;white&#8221;]<\/p>\n<p style=\"text-align: center;\"><span style=\"color: #ffffff; font-size: 20px;\">Betriebsferien in der Zeit vom 15.08. \u2013 26.08.2022 <\/span><strong><br \/>\n<\/strong><\/p>\n<p>[\/vc_column_text][\/vc_column][\/vc_row][vc_row wrap_container=&#8221;yes&#8221; is_section=&#8221;yes&#8221; remove_margin_top=&#8221;yes&#8221; remove_margin_bottom=&#8221;yes&#8221; remove_border=&#8221;yes&#8221; bg_override=&#8221;full&#8221; css=&#8221;.vc_custom_1712676054386{padding-top: 80px !important;}&#8221; conditional_render=&#8221;%5B%7B%22value_role%22%3A%22administrator%22%7D%5D&#8221;][vc_column width=&#8221;1\/4&#8243; offset=&#8221;vc_col-md-12&#8243;][vc_single_image image=&#8221;5043&#8243; img_size=&#8221;full&#8221; alignment=&#8221;center&#8221;][vc_column_text]<\/p>\n<p style=\"text-align: center;\"><span style=\"font-size: 24px;\"><b>MAMOTEC Gasmotoren &#8211; Antrieb der Energiewende<\/b><\/span><\/p>\n<p style=\"text-align: center;\">MAMOTEC bietet schadstoffarme und robuste Gasmotoren als Antrieb fu\u0308r station\u00e4re Anwendungen. Das Produktportfolio reicht dabei von 26 kW bis 200 kW fu\u0308r Erdgas, Biomethan, Biogas sowie Holzgas. Die speziell fu\u0308r die Anwendung mit Erd- und Sondergas entwickelten Gasmotoren zeichnen sich durch gr\u00f6\u00dfte Zuverl\u00e4ssigkeit, lange Wartungsintervalle und h\u00f6chste Energieeffizienz aus.  <\/p>\n<p>[\/vc_column_text][\/vc_column][\/vc_row][vc_row wrap_container=&#8221;yes&#8221; is_section=&#8221;yes&#8221; remove_margin_top=&#8221;yes&#8221; remove_margin_bottom=&#8221;yes&#8221; remove_border=&#8221;yes&#8221; bg_override=&#8221;full&#8221; css=&#8221;.vc_custom_1712586311602{padding-top: 20px !important;}&#8221; conditional_render=&#8221;%5B%7B%22value_role%22%3A%22administrator%22%7D%5D&#8221;][vc_column width=&#8221;1\/4&#8243; offset=&#8221;vc_col-md-12&#8243;]<div class=\"porto-btn-ctn-center \"><a class=\"porto-btn porto-adjust-bottom-margin porto-btn-custom porto-btn-no-hover-bg   wpb_custom_770ee7e4c37cdd4f34d0c4938c45cc58  porto-btn-center \" title='Gasmotoren \u00dcbersicht' rel='' href = \"\/gasmotoren-uebersicht\/\"  data-hover=\"\" data-border-color=\"\" data-bg=\"#81b63b\" data-hover-bg=\"\" data-border-hover=\"\" data-shadow-click=\"none\" data-shadow=\"\" style=\"width:350px;min-height:80px;line-height:79px;border:none;background: #81b63b;color: #ffffff;\"><span class=\"porto-btn-hover\"><\/span><span class=\"porto-btn-data porto-btn-text \" >MOTOREN\u00dcBERSICHT<\/span><\/a><\/div>[vc_single_image image=&#8221;4109&#8243; img_size=&#8221;full&#8221;][\/vc_column][\/vc_row][vc_row css=&#8221;.vc_custom_1712584874311{padding-top: 80px !important;padding-bottom: 150px !important;background-color: #1d2327 !important;background-position: center !important;background-repeat: no-repeat !important;background-size: contain !important;}&#8221; el_class=&#8221;bg-x-right bg-y-bottom&#8221; conditional_render=&#8221;%5B%7B%22value_role%22%3A%22administrator%22%7D%5D&#8221;][vc_column width=&#8221;1\/6&#8243;][\/vc_column][vc_column width=&#8221;2\/3&#8243;][vc_video link=&#8221;https:\/\/youtu.be\/H8AvHTC2YxU&#8221;][\/vc_column][vc_column width=&#8221;1\/6&#8243;][\/vc_column][\/vc_row]<\/p>\n<\/div>","protected":false},"excerpt":{"rendered":"<p>[vc_row wrap_container=&#8221;yes&#8221; disable_element=&#8221;yes&#8221; is_section=&#8221;yes&#8221; remove_margin_top=&#8221;yes&#8221; remove_margin_bottom=&#8221;yes&#8221; remove_border=&#8221;yes&#8221; bg_override=&#8221;full&#8221; css=&#8221;.vc_custom_1661762990926{padding-top: 0px !important;padding-bottom: -80px !important;background-color: #000000 !important;}&#8221;][vc_column offset=&#8221;vc_col-md-12&#8243;][vc_column_text css=&#8221;.vc_custom_1660225962307{margin-top: 13px !important;margin-bottom: -40px !important;}&#8221; el_class=&#8221;#white&#8221; el_id=&#8221;white&#8221;] Betriebsferien in der Zeit vom 15.08. \u2013 26.08.2022 [\/vc_column_text][\/vc_column][\/vc_row][vc_row wrap_container=&#8221;yes&#8221; is_section=&#8221;yes&#8221; remove_margin_top=&#8221;yes&#8221; remove_margin_bottom=&#8221;yes&#8221; remove_border=&#8221;yes&#8221; bg_override=&#8221;full&#8221; css=&#8221;.vc_custom_1712676054386{padding-top: 80px !important;}&#8221; conditional_render=&#8221;%5B%7B%22value_role%22%3A%22administrator%22%7D%5D&#8221;][vc_column width=&#8221;1\/4&#8243; offset=&#8221;vc_col-md-12&#8243;][vc_single_image image=&#8221;5043&#8243; img_size=&#8221;full&#8221; alignment=&#8221;center&#8221;][vc_column_text] MAMOTEC Gasmotoren &#8211; Antrieb der Energiewende MAMOTEC bietet [&hellip;]<\/p>\n","protected":false},"author":2,"featured_media":0,"parent":0,"menu_order":0,"comment_status":"closed","ping_status":"closed","template":"","meta":{"footnotes":""},"class_list":["post-5090","page","type-page","status-publish","hentry"],"yoast_head":"<!-- This site is optimized with the Yoast SEO plugin v27.5 - https:\/\/yoast.com\/product\/yoast-seo-wordpress\/ -->\n<title>Gasmotoren NEU - mamotec<\/title>\n<meta name=\"robots\" content=\"index, follow, max-snippet:-1, max-image-preview:large, max-video-preview:-1\" \/>\n<link rel=\"canonical\" href=\"https:\/\/mamotec-online.de\/en\/gas-engines\/\" \/>\n<meta property=\"og:locale\" content=\"en_US\" \/>\n<meta property=\"og:type\" content=\"article\" \/>\n<meta property=\"og:title\" content=\"Gasmotoren NEU - mamotec\" \/>\n<meta property=\"og:description\" content=\"[vc_row wrap_container=&#8221;yes&#8221; disable_element=&#8221;yes&#8221; is_section=&#8221;yes&#8221; remove_margin_top=&#8221;yes&#8221; remove_margin_bottom=&#8221;yes&#8221; remove_border=&#8221;yes&#8221; bg_override=&#8221;full&#8221; css=&#8221;.vc_custom_1661762990926{padding-top: 0px !important;padding-bottom: -80px !important;background-color: #000000 !important;}&#8221;][vc_column offset=&#8221;vc_col-md-12&#8243;][vc_column_text css=&#8221;.vc_custom_1660225962307{margin-top: 13px !important;margin-bottom: -40px !important;}&#8221; el_class=&#8221;#white&#8221; el_id=&#8221;white&#8221;] Betriebsferien in der Zeit vom 15.08. \u2013 26.08.2022 [\/vc_column_text][\/vc_column][\/vc_row][vc_row wrap_container=&#8221;yes&#8221; is_section=&#8221;yes&#8221; remove_margin_top=&#8221;yes&#8221; remove_margin_bottom=&#8221;yes&#8221; remove_border=&#8221;yes&#8221; bg_override=&#8221;full&#8221; css=&#8221;.vc_custom_1712676054386{padding-top: 80px !important;}&#8221; conditional_render=&#8221;%5B%7B%22value_role%22%3A%22administrator%22%7D%5D&#8221;][vc_column width=&#8221;1\/4&#8243; offset=&#8221;vc_col-md-12&#8243;][vc_single_image image=&#8221;5043&#8243; img_size=&#8221;full&#8221; alignment=&#8221;center&#8221;][vc_column_text] MAMOTEC Gasmotoren &#8211; Antrieb der Energiewende MAMOTEC bietet [&hellip;]\" \/>\n<meta property=\"og:url\" content=\"https:\/\/mamotec-online.de\/en\/gas-engines\/\" \/>\n<meta property=\"og:site_name\" content=\"mamotec\" \/>\n<meta property=\"article:modified_time\" content=\"2024-12-03T17:42:16+00:00\" \/>\n<meta name=\"twitter:card\" content=\"summary_large_image\" \/>\n<meta name=\"twitter:label1\" content=\"Est. reading time\" \/>\n\t<meta name=\"twitter:data1\" content=\"2 minutes\" \/>\n<script type=\"application\/ld+json\" class=\"yoast-schema-graph\">{\"@context\":\"https:\\\/\\\/schema.org\",\"@graph\":[{\"@type\":\"WebPage\",\"@id\":\"https:\\\/\\\/mamotec-online.de\\\/en\\\/gas-engines\\\/\",\"url\":\"https:\\\/\\\/mamotec-online.de\\\/en\\\/gas-engines\\\/\",\"name\":\"Gasmotoren NEU - mamotec\",\"isPartOf\":{\"@id\":\"https:\\\/\\\/mamotec-online.de\\\/en\\\/#website\"},\"datePublished\":\"2024-04-16T14:15:06+00:00\",\"dateModified\":\"2024-12-03T17:42:16+00:00\",\"breadcrumb\":{\"@id\":\"https:\\\/\\\/mamotec-online.de\\\/en\\\/gas-engines\\\/#breadcrumb\"},\"inLanguage\":\"en-US\",\"potentialAction\":[{\"@type\":\"ReadAction\",\"target\":[\"https:\\\/\\\/mamotec-online.de\\\/en\\\/gas-engines\\\/\"]}]},{\"@type\":\"BreadcrumbList\",\"@id\":\"https:\\\/\\\/mamotec-online.de\\\/en\\\/gas-engines\\\/#breadcrumb\",\"itemListElement\":[{\"@type\":\"ListItem\",\"position\":1,\"name\":\"Startseite\",\"item\":\"https:\\\/\\\/mamotec-online.de\\\/en\\\/\"},{\"@type\":\"ListItem\",\"position\":2,\"name\":\"Gasmotoren NEU\"}]},{\"@type\":\"WebSite\",\"@id\":\"https:\\\/\\\/mamotec-online.de\\\/en\\\/#website\",\"url\":\"https:\\\/\\\/mamotec-online.de\\\/en\\\/\",\"name\":\"mamotec\",\"description\":\"Innovativer Antrieb ist unsere Leidenschaft\",\"publisher\":{\"@id\":\"https:\\\/\\\/mamotec-online.de\\\/en\\\/#organization\"},\"potentialAction\":[{\"@type\":\"SearchAction\",\"target\":{\"@type\":\"EntryPoint\",\"urlTemplate\":\"https:\\\/\\\/mamotec-online.de\\\/en\\\/?s={search_term_string}\"},\"query-input\":{\"@type\":\"PropertyValueSpecification\",\"valueRequired\":true,\"valueName\":\"search_term_string\"}}],\"inLanguage\":\"en-US\"},{\"@type\":\"Organization\",\"@id\":\"https:\\\/\\\/mamotec-online.de\\\/en\\\/#organization\",\"name\":\"MAMotec GmbH\",\"url\":\"https:\\\/\\\/mamotec-online.de\\\/en\\\/\",\"logo\":{\"@type\":\"ImageObject\",\"inLanguage\":\"en-US\",\"@id\":\"https:\\\/\\\/mamotec-online.de\\\/en\\\/#\\\/schema\\\/logo\\\/image\\\/\",\"url\":\"https:\\\/\\\/mamotec-online.de\\\/wp-content\\\/uploads\\\/2020\\\/10\\\/SVGLogo.svg\",\"contentUrl\":\"https:\\\/\\\/mamotec-online.de\\\/wp-content\\\/uploads\\\/2020\\\/10\\\/SVGLogo.svg\",\"width\":1,\"height\":1,\"caption\":\"MAMotec GmbH\"},\"image\":{\"@id\":\"https:\\\/\\\/mamotec-online.de\\\/en\\\/#\\\/schema\\\/logo\\\/image\\\/\"}}]}<\/script>\n<!-- \/ Yoast SEO plugin. -->","yoast_head_json":{"title":"Gasmotoren NEU - mamotec","robots":{"index":"index","follow":"follow","max-snippet":"max-snippet:-1","max-image-preview":"max-image-preview:large","max-video-preview":"max-video-preview:-1"},"canonical":"https:\/\/mamotec-online.de\/en\/gas-engines\/","og_locale":"en_US","og_type":"article","og_title":"Gasmotoren NEU - mamotec","og_description":"[vc_row wrap_container=&#8221;yes&#8221; disable_element=&#8221;yes&#8221; is_section=&#8221;yes&#8221; remove_margin_top=&#8221;yes&#8221; remove_margin_bottom=&#8221;yes&#8221; remove_border=&#8221;yes&#8221; bg_override=&#8221;full&#8221; css=&#8221;.vc_custom_1661762990926{padding-top: 0px !important;padding-bottom: -80px !important;background-color: #000000 !important;}&#8221;][vc_column offset=&#8221;vc_col-md-12&#8243;][vc_column_text css=&#8221;.vc_custom_1660225962307{margin-top: 13px !important;margin-bottom: -40px !important;}&#8221; el_class=&#8221;#white&#8221; el_id=&#8221;white&#8221;] Betriebsferien in der Zeit vom 15.08. \u2013 26.08.2022 [\/vc_column_text][\/vc_column][\/vc_row][vc_row wrap_container=&#8221;yes&#8221; is_section=&#8221;yes&#8221; remove_margin_top=&#8221;yes&#8221; remove_margin_bottom=&#8221;yes&#8221; remove_border=&#8221;yes&#8221; bg_override=&#8221;full&#8221; css=&#8221;.vc_custom_1712676054386{padding-top: 80px !important;}&#8221; conditional_render=&#8221;%5B%7B%22value_role%22%3A%22administrator%22%7D%5D&#8221;][vc_column width=&#8221;1\/4&#8243; offset=&#8221;vc_col-md-12&#8243;][vc_single_image image=&#8221;5043&#8243; img_size=&#8221;full&#8221; alignment=&#8221;center&#8221;][vc_column_text] MAMOTEC Gasmotoren &#8211; Antrieb der Energiewende MAMOTEC bietet [&hellip;]","og_url":"https:\/\/mamotec-online.de\/en\/gas-engines\/","og_site_name":"mamotec","article_modified_time":"2024-12-03T17:42:16+00:00","twitter_card":"summary_large_image","twitter_misc":{"Est. reading time":"2 minutes"},"schema":{"@context":"https:\/\/schema.org","@graph":[{"@type":"WebPage","@id":"https:\/\/mamotec-online.de\/en\/gas-engines\/","url":"https:\/\/mamotec-online.de\/en\/gas-engines\/","name":"Gasmotoren NEU - mamotec","isPartOf":{"@id":"https:\/\/mamotec-online.de\/en\/#website"},"datePublished":"2024-04-16T14:15:06+00:00","dateModified":"2024-12-03T17:42:16+00:00","breadcrumb":{"@id":"https:\/\/mamotec-online.de\/en\/gas-engines\/#breadcrumb"},"inLanguage":"en-US","potentialAction":[{"@type":"ReadAction","target":["https:\/\/mamotec-online.de\/en\/gas-engines\/"]}]},{"@type":"BreadcrumbList","@id":"https:\/\/mamotec-online.de\/en\/gas-engines\/#breadcrumb","itemListElement":[{"@type":"ListItem","position":1,"name":"Startseite","item":"https:\/\/mamotec-online.de\/en\/"},{"@type":"ListItem","position":2,"name":"Gasmotoren NEU"}]},{"@type":"WebSite","@id":"https:\/\/mamotec-online.de\/en\/#website","url":"https:\/\/mamotec-online.de\/en\/","name":"mamotec","description":"Innovativer Antrieb ist unsere Leidenschaft","publisher":{"@id":"https:\/\/mamotec-online.de\/en\/#organization"},"potentialAction":[{"@type":"SearchAction","target":{"@type":"EntryPoint","urlTemplate":"https:\/\/mamotec-online.de\/en\/?s={search_term_string}"},"query-input":{"@type":"PropertyValueSpecification","valueRequired":true,"valueName":"search_term_string"}}],"inLanguage":"en-US"},{"@type":"Organization","@id":"https:\/\/mamotec-online.de\/en\/#organization","name":"MAMotec GmbH","url":"https:\/\/mamotec-online.de\/en\/","logo":{"@type":"ImageObject","inLanguage":"en-US","@id":"https:\/\/mamotec-online.de\/en\/#\/schema\/logo\/image\/","url":"https:\/\/mamotec-online.de\/wp-content\/uploads\/2020\/10\/SVGLogo.svg","contentUrl":"https:\/\/mamotec-online.de\/wp-content\/uploads\/2020\/10\/SVGLogo.svg","width":1,"height":1,"caption":"MAMotec GmbH"},"image":{"@id":"https:\/\/mamotec-online.de\/en\/#\/schema\/logo\/image\/"}}]}},"_links":{"self":[{"href":"https:\/\/mamotec-online.de\/en\/wp-json\/wp\/v2\/pages\/5090","targetHints":{"allow":["GET"]}}],"collection":[{"href":"https:\/\/mamotec-online.de\/en\/wp-json\/wp\/v2\/pages"}],"about":[{"href":"https:\/\/mamotec-online.de\/en\/wp-json\/wp\/v2\/types\/page"}],"author":[{"embeddable":true,"href":"https:\/\/mamotec-online.de\/en\/wp-json\/wp\/v2\/users\/2"}],"replies":[{"embeddable":true,"href":"https:\/\/mamotec-online.de\/en\/wp-json\/wp\/v2\/comments?post=5090"}],"version-history":[{"count":18,"href":"https:\/\/mamotec-online.de\/en\/wp-json\/wp\/v2\/pages\/5090\/revisions"}],"predecessor-version":[{"id":5438,"href":"https:\/\/mamotec-online.de\/en\/wp-json\/wp\/v2\/pages\/5090\/revisions\/5438"}],"wp:attachment":[{"href":"https:\/\/mamotec-online.de\/en\/wp-json\/wp\/v2\/media?parent=5090"}],"curies":[{"name":"wp","href":"https:\/\/api.w.org\/{rel}","templated":true}]}}